{"id":194,"date":"2024-03-27T19:53:46","date_gmt":"2024-03-27T18:53:46","guid":{"rendered":"https:\/\/korves.fcm-it.de\/?page_id=194"},"modified":"2024-03-27T19:53:46","modified_gmt":"2024-03-27T18:53:46","slug":"vita-dr-korves","status":"publish","type":"page","link":"https:\/\/mrt-korves.de\/index.php\/vita-dr-korves\/","title":{"rendered":"Vita Dr. Korves"},"content":{"rendered":"\n<p><\/p>\n\n\n\n<p><\/p>\n\n\n\n<p>Dr. med M. Korves<\/p>\n\n\n\n<p>Approbation zum Arzt, Uni- M\u00fcnster, 1989<\/p>\n\n\n\n<p>Promotion zum Doktor der Medizin, Uniklinik M\u00fcnster 1991<\/p>\n\n\n\n<p>Facharztanerkennung zum Facharzt f\u00fcr Diagnostische Radiologie, Berlin<\/p>\n\n\n\n<p>Schwerpunktanerkennung &#8211; Neuroradiologie in Dresden<\/p>\n\n\n\n<p>Ausbildung und T\u00e4tigkeit \u00fcber lange Zeitr\u00e4ume an diversen Universit\u00e4tskliniken:<\/p>\n\n\n\n<p>Benjamin Franklin Uniklinikum Steglitz \/ Neuropathologie Berlin<\/p>\n\n\n\n<p>Virchow Uniklinikum \/ Neurochirurgie Berlin<\/p>\n\n\n\n<p>Charit\u00e9 Mitte  \/ Diagnostische Radiologie und Neuroradiologie<\/p>\n\n\n\n<p>Uniklinikum Dresden \/ Diagnostische Radiologie und Neuroradiologie<\/p>\n\n\n\n<p>Vor Niederlassung leitender Oberarzt an einer Uniklinik mit langj\u00e4hriger Erfahrung.<\/p>\n\n\n\n<p>Einige Zeit \u00e4rzlicher Leiter eines gr\u00f6\u00dferen MVZ vor Gr\u00fcndung der eigenen Praxis.<\/p>\n\n\n\n<p>Referenzradiologe f\u00fcr Neuroradiologie im hiesigen Krankenhausverband.<\/p>\n","protected":false},"excerpt":{"rendered":"<p>Dr. med M. Korves Approbation zum Arzt, Uni- M\u00fcnster, 1989 Promotion zum Doktor der Medizin, Uniklinik M\u00fcnster 1991 Facharztanerkennung zum Facharzt f\u00fcr Diagnostische Radiologie, Berlin Schwerpunktanerkennung &#8211; Neuroradiologie in Dresden Ausbildung und T\u00e4tigkeit \u00fcber lange Zeitr\u00e4ume an diversen Universit\u00e4tskliniken: Benjamin Franklin Uniklinikum Steglitz \/ Neuropathologie Berlin Virchow Uniklinikum \/ Neurochirurgie Berlin Charit\u00e9 Mitte \/ Diagnostische&#8230;<\/p>\n","protected":false},"author":1,"featured_media":0,"parent":0,"menu_order":0,"comment_status":"closed","ping_status":"closed","template":"","meta":{"footnotes":""},"class_list":["post-194","page","type-page","status-publish","hentry"],"_links":{"self":[{"href":"https:\/\/mrt-korves.de\/index.php\/wp-json\/wp\/v2\/pages\/194","targetHints":{"allow":["GET"]}}],"collection":[{"href":"https:\/\/mrt-korves.de\/index.php\/wp-json\/wp\/v2\/pages"}],"about":[{"href":"https:\/\/mrt-korves.de\/index.php\/wp-json\/wp\/v2\/types\/page"}],"author":[{"embeddable":true,"href":"https:\/\/mrt-korves.de\/index.php\/wp-json\/wp\/v2\/users\/1"}],"replies":[{"embeddable":true,"href":"https:\/\/mrt-korves.de\/index.php\/wp-json\/wp\/v2\/comments?post=194"}],"version-history":[{"count":0,"href":"https:\/\/mrt-korves.de\/index.php\/wp-json\/wp\/v2\/pages\/194\/revisions"}],"wp:attachment":[{"href":"https:\/\/mrt-korves.de\/index.php\/wp-json\/wp\/v2\/media?parent=194"}],"curies":[{"name":"wp","href":"https:\/\/api.w.org\/{rel}","templated":true}]}}