{"id":216,"date":"2024-03-27T22:01:39","date_gmt":"2024-03-27T21:01:39","guid":{"rendered":"https:\/\/korves.fcm-it.de\/?page_id=216"},"modified":"2024-03-27T22:01:39","modified_gmt":"2024-03-27T21:01:39","slug":"offene-stellen","status":"publish","type":"page","link":"https:\/\/mrt-korves.de\/index.php\/offene-stellen\/","title":{"rendered":"Offene Stellen"},"content":{"rendered":"\n<p>Wir suchen zur Verst\u00e4rkung unseres kleinen Teams noch einen<br>Mitarbeiter&nbsp;der&nbsp;im <strong>Home Office<\/strong>.&nbsp;Die \u00fcberwiegende Aufgabe besteht in der&nbsp; freundlichen&nbsp;Betreuung des Telefons&nbsp;der Praxis in der Terminvergabe <strong>(\u201eCallcenter\u201c)<\/strong>&nbsp; an ca. zwei Wochentagen der normalen Woche.&nbsp;(im Mini Job oder Teilzeit, medizinische Vorkenntnisse sind hilfreich).&nbsp;Kontakt einfach \u00fcber diese Homepage per E-Mail oder das Telefon der Praxis.<\/p>\n\n\n\n<p>Eine weitere MRT-MTRA f\u00fcr das neue Ger\u00e4t in Nebenzeiten nehmen wir nat\u00fcrlich<br>gerne in unser kleines Team auf (guter Nebenverdienst im z.B. Minijob)<\/p>\n","protected":false},"excerpt":{"rendered":"<p>Wir suchen zur Verst\u00e4rkung unseres kleinen Teams noch einenMitarbeiter&nbsp;der&nbsp;im Home Office.&nbsp;Die \u00fcberwiegende Aufgabe besteht in der&nbsp; freundlichen&nbsp;Betreuung des Telefons&nbsp;der Praxis in der Terminvergabe (\u201eCallcenter\u201c)&nbsp; an ca. zwei Wochentagen der normalen Woche.&nbsp;(im Mini Job oder Teilzeit, medizinische Vorkenntnisse sind hilfreich).&nbsp;Kontakt einfach \u00fcber diese Homepage per E-Mail oder das Telefon der Praxis. Eine weitere MRT-MTRA f\u00fcr das&#8230;<\/p>\n","protected":false},"author":1,"featured_media":0,"parent":0,"menu_order":0,"comment_status":"closed","ping_status":"closed","template":"","meta":{"footnotes":""},"class_list":["post-216","page","type-page","status-publish","hentry"],"_links":{"self":[{"href":"https:\/\/mrt-korves.de\/index.php\/wp-json\/wp\/v2\/pages\/216","targetHints":{"allow":["GET"]}}],"collection":[{"href":"https:\/\/mrt-korves.de\/index.php\/wp-json\/wp\/v2\/pages"}],"about":[{"href":"https:\/\/mrt-korves.de\/index.php\/wp-json\/wp\/v2\/types\/page"}],"author":[{"embeddable":true,"href":"https:\/\/mrt-korves.de\/index.php\/wp-json\/wp\/v2\/users\/1"}],"replies":[{"embeddable":true,"href":"https:\/\/mrt-korves.de\/index.php\/wp-json\/wp\/v2\/comments?post=216"}],"version-history":[{"count":0,"href":"https:\/\/mrt-korves.de\/index.php\/wp-json\/wp\/v2\/pages\/216\/revisions"}],"wp:attachment":[{"href":"https:\/\/mrt-korves.de\/index.php\/wp-json\/wp\/v2\/media?parent=216"}],"curies":[{"name":"wp","href":"https:\/\/api.w.org\/{rel}","templated":true}]}}