{"id":222,"date":"2024-03-27T22:19:22","date_gmt":"2024-03-27T21:19:22","guid":{"rendered":"https:\/\/korves.fcm-it.de\/?page_id=222"},"modified":"2024-06-20T16:48:30","modified_gmt":"2024-06-20T14:48:30","slug":"checkliste-mrt-termin","status":"publish","type":"page","link":"https:\/\/mrt-korves.de\/index.php\/checkliste-mrt-termin\/","title":{"rendered":"Aufkl\u00e4rungsb\u00f6gen MRT-Termin"},"content":{"rendered":"\n<figure class=\"wp-block-table has-outfit-font-family\"><table><thead><tr><th>Dateiname<\/th><th>Beschreibung<\/th><th>Sprache<\/th><\/tr><\/thead><tbody><tr><td><a href=\"https:\/\/mrt-korves.de\/wp-content\/uploads\/2024\/03\/MRT-Fragebogen-Korves-ausfuellbar.pdf\" data-type=\"attachment\" data-id=\"224\" target=\"_blank\" rel=\"noreferrer noopener\">Aufkl\u00e4rungsbogen ausf\u00fcllbar<\/a><\/td><td>Aufkl\u00e4rungsbogen zum ausf\u00fcllen vor dem Termin<\/td><td>deutsch<\/td><\/tr><tr><td><a href=\"https:\/\/mrt-korves.de\/wp-content\/uploads\/2024\/03\/Checkliste_mrt.pdf\" data-type=\"attachment\" data-id=\"226\" target=\"_blank\" rel=\"noreferrer noopener\">Checkliste MRT-Termin<\/a><\/td><td>Checkliste f\u00fcr Ihren MRT-Termin<\/td><td>deutsch<\/td><\/tr><tr><td><a href=\"https:\/\/mrt-korves.de\/wp-content\/uploads\/2024\/03\/Aufklaerungsbogen_Begleitperson.pdf\" data-type=\"attachment\" data-id=\"227\" target=\"_blank\" rel=\"noreferrer noopener\">Aufkl\u00e4rungsbogen Begleitperson<\/a><\/td><td>Aufkl\u00e4rung f\u00fcr die Begleitperson falls Anwesendheit im MRT Raum geplant<\/td><td>deutsch<\/td><\/tr><tr><td><span class=\"palette-color4-4\" style=\"font-size: 18px;\"><\/span><span class=\"palette-color4-4\" style=\"font-size: 18px;\"><\/span><a href=\"https:\/\/mrt-korves.de\/wp-content\/uploads\/2024\/03\/PATIENT-INFORMATION-SHEET.pdf\" data-type=\"attachment\" data-id=\"228\" target=\"_blank\" rel=\"noreferrer noopener\">PATIENT INFORMATION SHEET<\/a><\/td><td>PATIENT INFORMATION SHEET for the Magnetic resonance totomography (MRT)<\/td><td>english<\/td><\/tr><tr><td><a href=\"https:\/\/mrt-korves.de\/wp-content\/uploads\/2024\/03\/MRT_franzoesisch.pdf\" data-type=\"attachment\" data-id=\"233\" target=\"_blank\" rel=\"noreferrer noopener\">IMAGERIE PAR R\u00c9SONANCE MAGN\u00c9TIQUE (IRM)<\/a><\/td><td>IMAGERIE PAR R\u00c9SONANCE MAGN\u00c9TIQUE (IRM) NOTICE EXPLICATIVE<\/td><td>fran\u00e7ais<\/td><\/tr><\/tbody><\/table><\/figure>\n","protected":false},"excerpt":{"rendered":"<p>Dateiname Beschreibung Sprache Aufkl\u00e4rungsbogen ausf\u00fcllbar Aufkl\u00e4rungsbogen zum ausf\u00fcllen vor dem Termin deutsch Checkliste MRT-Termin Checkliste f\u00fcr Ihren MRT-Termin deutsch Aufkl\u00e4rungsbogen Begleitperson Aufkl\u00e4rung f\u00fcr die Begleitperson falls Anwesendheit im MRT Raum geplant deutsch PATIENT INFORMATION SHEET PATIENT INFORMATION SHEET for the Magnetic resonance totomography (MRT) english IMAGERIE PAR R\u00c9SONANCE MAGN\u00c9TIQUE (IRM) IMAGERIE PAR R\u00c9SONANCE MAGN\u00c9TIQUE (IRM)&#8230;<\/p>\n","protected":false},"author":1,"featured_media":0,"parent":0,"menu_order":0,"comment_status":"closed","ping_status":"closed","template":"","meta":{"footnotes":""},"class_list":["post-222","page","type-page","status-publish","hentry"],"_links":{"self":[{"href":"https:\/\/mrt-korves.de\/index.php\/wp-json\/wp\/v2\/pages\/222","targetHints":{"allow":["GET"]}}],"collection":[{"href":"https:\/\/mrt-korves.de\/index.php\/wp-json\/wp\/v2\/pages"}],"about":[{"href":"https:\/\/mrt-korves.de\/index.php\/wp-json\/wp\/v2\/types\/page"}],"author":[{"embeddable":true,"href":"https:\/\/mrt-korves.de\/index.php\/wp-json\/wp\/v2\/users\/1"}],"replies":[{"embeddable":true,"href":"https:\/\/mrt-korves.de\/index.php\/wp-json\/wp\/v2\/comments?post=222"}],"version-history":[{"count":0,"href":"https:\/\/mrt-korves.de\/index.php\/wp-json\/wp\/v2\/pages\/222\/revisions"}],"wp:attachment":[{"href":"https:\/\/mrt-korves.de\/index.php\/wp-json\/wp\/v2\/media?parent=222"}],"curies":[{"name":"wp","href":"https:\/\/api.w.org\/{rel}","templated":true}]}}